{"id":425,"date":"2016-12-02T17:35:01","date_gmt":"2016-12-02T16:35:01","guid":{"rendered":"http:\/\/explainit.pl\/wordpress\/?page_id=425"},"modified":"2022-12-27T10:46:39","modified_gmt":"2022-12-27T09:46:39","slug":"ekspertyzy-technologie-oracle","status":"publish","type":"page","link":"https:\/\/explainit.pl\/wordpress\/ekspertyzy-technologie-oracle\/","title":{"rendered":"Ekspertyzy &#8211; technologie Oracle"},"content":{"rendered":"\n<p>Oferowane badania i oceny s\u0105 prowadzone w siedzibie klienta (poufno\u015b\u0107, bezpiecze\u0144stwo dost\u0119pu do bazy danych) na aktywnym systemie produkcyjnym z wykorzystaniem standardowych narz\u0119dzi Oracle, skrypt\u00f3w autorskich oraz zweryfikowanych narz\u0119dzi systemowych firm trzecich. Mog\u0105 stanowi\u0105 zar\u00f3wno wsparcie dla zespo\u0142\u00f3w merytorycznych odpowiedzialnych za bie\u017c\u0105c\u0105 obs\u0142ug\u0119 serwer\u00f3w baz danych Oracle Database, jak i pe\u0142ni\u0107 rol\u0119 opinii odbiorowych dla zlece\u0144 wykonywanych przez firmy trzecie. Poni\u017cej przedstawiono przyk\u0142adowe zakresy merytoryczne, mog\u0105ce stanowi\u0107 podstaw\u0119 dalszych uzgodnie\u0144.<\/p>\n\n\n\n<p><strong>Audyt konfiguracji serwera Oracle Database 12c\/18c\/19c\/21c<\/strong><\/p>\n\n\n\n<p>Badanie diagnostyczne przeprowadzone na aktywnym systemie produkcyjnym, obejmuj\u0105ce m.in.: kontrol\u0119 poprawno\u015bci implementacji polityki ochrony bazy danych przed awari\u0105, badanie wydajno\u015bci instancji serwera bazy danych, diagnostyk\u0119 wyst\u0119puj\u0105cych problem\u00f3w wydajno\u015bciowych, diagnostyk\u0119 usterek zg\u0142aszanych w plikach dziennik\u00f3w systemowych, weryfikacj\u0119 kompletno\u015bci zastosowanych \u0142atek systemowych, weryfikacj\u0119 zgodno\u015bci konfiguracji instancji z zaleceniami Oracle, kontrol\u0119 implementacji polityki bezpiecze\u0144stwa, opracowanie zalece\u0144 dotycz\u0105cych wydajno\u015bci, niezawodno\u015bci i bezpiecze\u0144stwa systemu.<\/p>\n\n\n\n<p><strong>Audyt procedur ochrony przed skutkami awarii serwera Oracle Database 12c\/18c\/19c\/21c<\/strong><\/p>\n\n\n\n<p>Badanie stosowanej polityki ochrony przed skutkami awarii, obejmuj\u0105ce m.in. analiz\u0119 typ\u00f3w zagro\u017ce\u0144\/awarii, ocen\u0119 MTTR (Mean Time To Recover), ocen\u0119 okna odtwarzania (Recovery Point Objective), analiz\u0119 procesu sporz\u0105dzania kopii bezpiecze\u0144stwa (poprawno\u015bci merytorycznej i technicznej, efektywno\u015bci), analiz\u0119 stosowanych mechanizm\u00f3w replikacji danych do centrum zapasowego (np. Oracle Data Guard), opracowanie zalece\u0144 dotycz\u0105cych metod ochrony przed skutkami awarii, eksperymentalna weryfikacja poprawno\u015bci posiadanych kopii bezpiecze\u0144stwa.<\/p>\n\n\n\n<p><strong>Strojenie wydajno\u015bci serwera bazy danych Oracle Database 12c\/18c\/19c\/21c<\/strong><\/p>\n\n\n\n<p>Badanie diagnostyczne przeprowadzone na aktywnym systemie produkcyjnym, obejmuj\u0105ce m.in.: identyfikacj\u0119 przyczyn niezadowalaj\u0105cej wydajno\u015bci serwera bazy danych, identyfikacj\u0119 przyczyn niezadowalaj\u0105cej wydajno\u015bci wybranych operacji SQL i PL\/SQL w aplikacjach biznesowych, opracowanie rekomendacji zmian konfiguracyjnych, zmian architektury aplikacji, reorganizacji struktur danych, itp. Badanie przeprowadzone z wykorzystaniem narz\u0119dzi dostosowanych do posiadanej przez Klienta licencji serwera bazy danych (np. AWR, Statspack), narz\u0119dzi systemu operacyjnego oraz z u\u017cyciem narz\u0119dzi w\u0142asnych.<\/p>\n\n\n\n<p><strong>Testy obci\u0105\u017ceniowe\/przeci\u0105\u017ceniowe serwera bazy danych<\/strong><\/p>\n\n\n\n<p>Badanie diagnostyczne s\u0142u\u017c\u0105ce ocenie wydajno\u015bci serwera bazy danych w obecno\u015bci skalowanego, realnego obci\u0105\u017cenia aplikacyjnego, prowadzone w celu wyznaczenia granicy obci\u0105\u017calno\u015bci serwera bazy danych (Stress Test). Badanie przeprowadzone z wykorzystaniem narz\u0119dzi dostosowanych do posiadanej przez Klienta licencji serwera bazy danych (np. Database Replay) oraz z u\u017cyciem narz\u0119dzi w\u0142asnych.<\/p>\n\n\n\n<p><strong>Audyt bezpiecze\u0144stwa dla serwera bazy danych Oracle Database 12c\/18c\/19c\/21c<\/strong><\/p>\n\n\n\n<p>Badanie diagnostyczne konfiguracji bezpiecze\u0144stwa serwera bazy danych oraz konfiguracji systemu uprawnie\u0144 u\u017cytkownik\u00f3w bazy danych obejmuj\u0105ce m.in.: analiz\u0119 u\u017cycia uprawnie\u0144, r\u00f3l i profili, polityk FGAC, konfiguracji systemu operacyjnego, mechanizm\u00f3w uwierzytelniania, mechanizm\u00f3w monitorowania pracy u\u017cytkownik\u00f3w, zabezpiecze\u0144 komunikacji sieciowej, ochrony przed SQL Injection, ochrony kopii bezpiecze\u0144stwa, prawid\u0142owego wykorzystywania perspektyw SQL, procedur PL\/SQL, \u0142\u0105cznik\u00f3w baz danych (Database Links), obiekt\u00f3w Directory. Ocena zgodno\u015bci konfiguracji bazy danych i serwera z firmowymi politykami bezpiecze\u0144stwa.<\/p>\n","protected":false},"excerpt":{"rendered":"<p>Oferowane badania i oceny s\u0105 prowadzone w siedzibie klienta (poufno\u015b\u0107, bezpiecze\u0144stwo dost\u0119pu do bazy danych) na aktywnym systemie produkcyjnym z wykorzystaniem standardowych narz\u0119dzi Oracle, skrypt\u00f3w autorskich oraz zweryfikowanych narz\u0119dzi systemowych firm trzecich. Mog\u0105 stanowi\u0105 zar\u00f3wno wsparcie dla zespo\u0142\u00f3w merytorycznych odpowiedzialnych za bie\u017c\u0105c\u0105 obs\u0142ug\u0119 serwer\u00f3w baz danych Oracle Database, jak i pe\u0142ni\u0107 rol\u0119 opinii odbiorowych dla <a href=\"https:\/\/explainit.pl\/wordpress\/ekspertyzy-technologie-oracle\/\" rel=\"nofollow\"><span class=\"sr-only\">Read more about Ekspertyzy &#8211; technologie Oracle<\/span>[&hellip;]<\/a><\/p>\n","protected":false},"author":1,"featured_media":0,"parent":0,"menu_order":0,"comment_status":"closed","ping_status":"closed","template":"template-fullwidth.php","meta":[],"yoast_head":"<!-- This site is optimized with the Yoast SEO plugin v20.2.1 - https:\/\/yoast.com\/wordpress\/plugins\/seo\/ -->\n<title>Ekspertyzy - technologie Oracle - Explain IT<\/title>\n<meta name=\"robots\" content=\"index, follow, max-snippet:-1, max-image-preview:large, max-video-preview:-1\" \/>\n<link rel=\"canonical\" href=\"https:\/\/explainit.pl\/wordpress\/ekspertyzy-technologie-oracle\/\" \/>\n<meta property=\"og:locale\" content=\"pl_PL\" \/>\n<meta property=\"og:type\" content=\"article\" \/>\n<meta property=\"og:title\" content=\"Ekspertyzy - technologie Oracle - Explain IT\" \/>\n<meta property=\"og:description\" content=\"Oferowane badania i oceny s\u0105 prowadzone w siedzibie klienta (poufno\u015b\u0107, bezpiecze\u0144stwo dost\u0119pu do bazy danych) na aktywnym systemie produkcyjnym z wykorzystaniem standardowych narz\u0119dzi Oracle, skrypt\u00f3w autorskich oraz zweryfikowanych narz\u0119dzi systemowych firm trzecich. Mog\u0105 stanowi\u0105 zar\u00f3wno wsparcie dla zespo\u0142\u00f3w merytorycznych odpowiedzialnych za bie\u017c\u0105c\u0105 obs\u0142ug\u0119 serwer\u00f3w baz danych Oracle Database, jak i pe\u0142ni\u0107 rol\u0119 opinii odbiorowych dla Read more about Ekspertyzy &#8211; technologie Oracle[&hellip;]\" \/>\n<meta property=\"og:url\" content=\"https:\/\/explainit.pl\/wordpress\/ekspertyzy-technologie-oracle\/\" \/>\n<meta property=\"og:site_name\" content=\"Explain IT\" \/>\n<meta property=\"article:modified_time\" content=\"2022-12-27T09:46:39+00:00\" \/>\n<meta name=\"twitter:card\" content=\"summary_large_image\" \/>\n<meta name=\"twitter:label1\" content=\"Szacowany czas czytania\" \/>\n\t<meta name=\"twitter:data1\" content=\"3 minuty\" \/>\n<script type=\"application\/ld+json\" class=\"yoast-schema-graph\">{\"@context\":\"https:\/\/schema.org\",\"@graph\":[{\"@type\":\"WebPage\",\"@id\":\"https:\/\/explainit.pl\/wordpress\/ekspertyzy-technologie-oracle\/\",\"url\":\"https:\/\/explainit.pl\/wordpress\/ekspertyzy-technologie-oracle\/\",\"name\":\"Ekspertyzy - technologie Oracle - Explain IT\",\"isPartOf\":{\"@id\":\"https:\/\/explainit.pl\/wordpress\/#website\"},\"datePublished\":\"2016-12-02T16:35:01+00:00\",\"dateModified\":\"2022-12-27T09:46:39+00:00\",\"breadcrumb\":{\"@id\":\"https:\/\/explainit.pl\/wordpress\/ekspertyzy-technologie-oracle\/#breadcrumb\"},\"inLanguage\":\"pl-PL\",\"potentialAction\":[{\"@type\":\"ReadAction\",\"target\":[\"https:\/\/explainit.pl\/wordpress\/ekspertyzy-technologie-oracle\/\"]}]},{\"@type\":\"BreadcrumbList\",\"@id\":\"https:\/\/explainit.pl\/wordpress\/ekspertyzy-technologie-oracle\/#breadcrumb\",\"itemListElement\":[{\"@type\":\"ListItem\",\"position\":1,\"name\":\"Strona g\u0142\u00f3wna\",\"item\":\"https:\/\/explainit.pl\/wordpress\/\"},{\"@type\":\"ListItem\",\"position\":2,\"name\":\"Ekspertyzy &#8211; technologie Oracle\"}]},{\"@type\":\"WebSite\",\"@id\":\"https:\/\/explainit.pl\/wordpress\/#website\",\"url\":\"https:\/\/explainit.pl\/wordpress\/\",\"name\":\"Explain IT\",\"description\":\"Autorska pracownia doradztwa i szkole\u0144 IT - Maciej Zakrzewicz - szkolenia, ekspertyzy, wdro\u017cenia. Technologie Oracle, PostgreSQL, MySQL.\",\"publisher\":{\"@id\":\"https:\/\/explainit.pl\/wordpress\/#organization\"},\"potentialAction\":[{\"@type\":\"SearchAction\",\"target\":{\"@type\":\"EntryPoint\",\"urlTemplate\":\"https:\/\/explainit.pl\/wordpress\/?s={search_term_string}\"},\"query-input\":\"required name=search_term_string\"}],\"inLanguage\":\"pl-PL\"},{\"@type\":\"Organization\",\"@id\":\"https:\/\/explainit.pl\/wordpress\/#organization\",\"name\":\"Explain IT\",\"url\":\"https:\/\/explainit.pl\/wordpress\/\",\"logo\":{\"@type\":\"ImageObject\",\"inLanguage\":\"pl-PL\",\"@id\":\"https:\/\/explainit.pl\/wordpress\/#\/schema\/logo\/image\/\",\"url\":\"https:\/\/explainit.pl\/wordpress\/wp-content\/uploads\/2016\/08\/explainITmini.png\",\"contentUrl\":\"https:\/\/explainit.pl\/wordpress\/wp-content\/uploads\/2016\/08\/explainITmini.png\",\"width\":196,\"height\":64,\"caption\":\"Explain IT\"},\"image\":{\"@id\":\"https:\/\/explainit.pl\/wordpress\/#\/schema\/logo\/image\/\"}}]}<\/script>\n<!-- \/ Yoast SEO plugin. -->","yoast_head_json":{"title":"Ekspertyzy - technologie Oracle - Explain IT","robots":{"index":"index","follow":"follow","max-snippet":"max-snippet:-1","max-image-preview":"max-image-preview:large","max-video-preview":"max-video-preview:-1"},"canonical":"https:\/\/explainit.pl\/wordpress\/ekspertyzy-technologie-oracle\/","og_locale":"pl_PL","og_type":"article","og_title":"Ekspertyzy - technologie Oracle - Explain IT","og_description":"Oferowane badania i oceny s\u0105 prowadzone w siedzibie klienta (poufno\u015b\u0107, bezpiecze\u0144stwo dost\u0119pu do bazy danych) na aktywnym systemie produkcyjnym z wykorzystaniem standardowych narz\u0119dzi Oracle, skrypt\u00f3w autorskich oraz zweryfikowanych narz\u0119dzi systemowych firm trzecich. Mog\u0105 stanowi\u0105 zar\u00f3wno wsparcie dla zespo\u0142\u00f3w merytorycznych odpowiedzialnych za bie\u017c\u0105c\u0105 obs\u0142ug\u0119 serwer\u00f3w baz danych Oracle Database, jak i pe\u0142ni\u0107 rol\u0119 opinii odbiorowych dla Read more about Ekspertyzy &#8211; technologie Oracle[&hellip;]","og_url":"https:\/\/explainit.pl\/wordpress\/ekspertyzy-technologie-oracle\/","og_site_name":"Explain IT","article_modified_time":"2022-12-27T09:46:39+00:00","twitter_card":"summary_large_image","twitter_misc":{"Szacowany czas czytania":"3 minuty"},"schema":{"@context":"https:\/\/schema.org","@graph":[{"@type":"WebPage","@id":"https:\/\/explainit.pl\/wordpress\/ekspertyzy-technologie-oracle\/","url":"https:\/\/explainit.pl\/wordpress\/ekspertyzy-technologie-oracle\/","name":"Ekspertyzy - technologie Oracle - Explain IT","isPartOf":{"@id":"https:\/\/explainit.pl\/wordpress\/#website"},"datePublished":"2016-12-02T16:35:01+00:00","dateModified":"2022-12-27T09:46:39+00:00","breadcrumb":{"@id":"https:\/\/explainit.pl\/wordpress\/ekspertyzy-technologie-oracle\/#breadcrumb"},"inLanguage":"pl-PL","potentialAction":[{"@type":"ReadAction","target":["https:\/\/explainit.pl\/wordpress\/ekspertyzy-technologie-oracle\/"]}]},{"@type":"BreadcrumbList","@id":"https:\/\/explainit.pl\/wordpress\/ekspertyzy-technologie-oracle\/#breadcrumb","itemListElement":[{"@type":"ListItem","position":1,"name":"Strona g\u0142\u00f3wna","item":"https:\/\/explainit.pl\/wordpress\/"},{"@type":"ListItem","position":2,"name":"Ekspertyzy &#8211; technologie Oracle"}]},{"@type":"WebSite","@id":"https:\/\/explainit.pl\/wordpress\/#website","url":"https:\/\/explainit.pl\/wordpress\/","name":"Explain IT","description":"Autorska pracownia doradztwa i szkole\u0144 IT - Maciej Zakrzewicz - szkolenia, ekspertyzy, wdro\u017cenia. Technologie Oracle, PostgreSQL, MySQL.","publisher":{"@id":"https:\/\/explainit.pl\/wordpress\/#organization"},"potentialAction":[{"@type":"SearchAction","target":{"@type":"EntryPoint","urlTemplate":"https:\/\/explainit.pl\/wordpress\/?s={search_term_string}"},"query-input":"required name=search_term_string"}],"inLanguage":"pl-PL"},{"@type":"Organization","@id":"https:\/\/explainit.pl\/wordpress\/#organization","name":"Explain IT","url":"https:\/\/explainit.pl\/wordpress\/","logo":{"@type":"ImageObject","inLanguage":"pl-PL","@id":"https:\/\/explainit.pl\/wordpress\/#\/schema\/logo\/image\/","url":"https:\/\/explainit.pl\/wordpress\/wp-content\/uploads\/2016\/08\/explainITmini.png","contentUrl":"https:\/\/explainit.pl\/wordpress\/wp-content\/uploads\/2016\/08\/explainITmini.png","width":196,"height":64,"caption":"Explain IT"},"image":{"@id":"https:\/\/explainit.pl\/wordpress\/#\/schema\/logo\/image\/"}}]}},"_links":{"self":[{"href":"https:\/\/explainit.pl\/wordpress\/wp-json\/wp\/v2\/pages\/425"}],"collection":[{"href":"https:\/\/explainit.pl\/wordpress\/wp-json\/wp\/v2\/pages"}],"about":[{"href":"https:\/\/explainit.pl\/wordpress\/wp-json\/wp\/v2\/types\/page"}],"author":[{"embeddable":true,"href":"https:\/\/explainit.pl\/wordpress\/wp-json\/wp\/v2\/users\/1"}],"replies":[{"embeddable":true,"href":"https:\/\/explainit.pl\/wordpress\/wp-json\/wp\/v2\/comments?post=425"}],"version-history":[{"count":10,"href":"https:\/\/explainit.pl\/wordpress\/wp-json\/wp\/v2\/pages\/425\/revisions"}],"predecessor-version":[{"id":1412,"href":"https:\/\/explainit.pl\/wordpress\/wp-json\/wp\/v2\/pages\/425\/revisions\/1412"}],"wp:attachment":[{"href":"https:\/\/explainit.pl\/wordpress\/wp-json\/wp\/v2\/media?parent=425"}],"curies":[{"name":"wp","href":"https:\/\/api.w.org\/{rel}","templated":true}]}}